{"id":229,"date":"2025-06-23T16:27:24","date_gmt":"2025-06-23T19:27:24","guid":{"rendered":"http:\/\/localhost\/pedroserrano\/?page_id=229"},"modified":"2026-01-31T05:12:30","modified_gmt":"2026-01-31T08:12:30","slug":"foreign-trade-outsourcing","status":"publish","type":"page","link":"https:\/\/comerint.cl\/en\/foreign-trade-outsourcing\/","title":{"rendered":"Outsourcing in foreign trade"},"content":{"rendered":"<p>- Integral service from the Purchase Order to an item level costing of your merchandise.<br>- Communication with a single executive for the entire process.<br>- Professionalization of your Logistics and International Purchasing process.<br>- Complete advice for your international purchases.<\/p>\n\n\n\n<p><\/p>","protected":false},"excerpt":{"rendered":"<p>&#8211; Servicio integral desde la Orden de Compra hasta un costeo a nivel de \u00cdtem de su mercanc\u00eda.&#8211; Comunicaci\u00f3n con un solo ejecutivo para todo el proceso.&#8211; Profesionalizaci\u00f3n de su proceso Log\u00edstico y de Compra Internacional.&#8211; Completa asesor\u00eda para sus compras internacionales.<\/p>","protected":false},"author":1,"featured_media":673,"parent":0,"menu_order":0,"comment_status":"closed","ping_status":"closed","template":"page-templates\/page-asesoriaoutsoucing.php","meta":{"_acf_changed":false,"footnotes":""},"class_list":["post-229","page","type-page","status-publish","has-post-thumbnail","hentry"],"acf":[],"yoast_head":"<!-- This site is optimized with the Yoast SEO Premium plugin v26.8 (Yoast SEO v27.1.1) - https:\/\/yoast.com\/product\/yoast-seo-premium-wordpress\/ -->\n<title>Outsourcing en comercio exterior - Agencia de Aduanas Pedro Serrano Solar<\/title>\n<meta name=\"description\" content=\"Servicio integral desde la Orden de Compra hasta un costeo a nivel de \u00cdtem de su mercanc\u00eda, Comunicaci\u00f3n con un solo ejecutivo para todo el proceso.\" \/>\n<meta name=\"robots\" content=\"index, follow, max-snippet:-1, max-image-preview:large, max-video-preview:-1\" \/>\n<link rel=\"canonical\" href=\"https:\/\/comerint.cl\/en\/foreign-trade-outsourcing\/\" \/>\n<meta property=\"og:locale\" content=\"en_US\" \/>\n<meta property=\"og:type\" content=\"article\" \/>\n<meta property=\"og:title\" content=\"Outsourcing en comercio exterior\" \/>\n<meta property=\"og:description\" content=\"Servicio integral desde la Orden de Compra hasta un costeo a nivel de \u00cdtem de su mercanc\u00eda, Comunicaci\u00f3n con un solo ejecutivo para todo el proceso.\" \/>\n<meta property=\"og:url\" content=\"https:\/\/comerint.cl\/en\/foreign-trade-outsourcing\/\" \/>\n<meta property=\"og:site_name\" content=\"Agencia de Aduanas Pedro Serrano Solar\" \/>\n<meta property=\"article:modified_time\" content=\"2026-01-31T08:12:30+00:00\" \/>\n<meta property=\"og:image\" content=\"https:\/\/comerint.cl\/wp-content\/uploads\/2026\/01\/contact4.webp\" \/>\n\t<meta property=\"og:image:width\" content=\"946\" \/>\n\t<meta property=\"og:image:height\" content=\"319\" \/>\n\t<meta property=\"og:image:type\" content=\"image\/webp\" \/>\n<meta name=\"twitter:card\" content=\"summary_large_image\" \/>\n<meta name=\"twitter:label1\" content=\"Est. reading time\" \/>\n\t<meta name=\"twitter:data1\" content=\"1 minute\" \/>\n<script type=\"application\/ld+json\" class=\"yoast-schema-graph\">{\"@context\":\"https:\/\/schema.org\",\"@graph\":[{\"@type\":\"WebPage\",\"@id\":\"https:\/\/comerint.cl\/outsoucing-en-comercio-exterior\/\",\"url\":\"https:\/\/comerint.cl\/outsoucing-en-comercio-exterior\/\",\"name\":\"Outsourcing en comercio exterior - Agencia de Aduanas Pedro Serrano Solar\",\"isPartOf\":{\"@id\":\"https:\/\/comerint.cl\/#website\"},\"primaryImageOfPage\":{\"@id\":\"https:\/\/comerint.cl\/outsoucing-en-comercio-exterior\/#primaryimage\"},\"image\":{\"@id\":\"https:\/\/comerint.cl\/outsoucing-en-comercio-exterior\/#primaryimage\"},\"thumbnailUrl\":\"https:\/\/comerint.cl\/wp-content\/uploads\/2026\/01\/contact4.webp\",\"datePublished\":\"2025-06-23T19:27:24+00:00\",\"dateModified\":\"2026-01-31T08:12:30+00:00\",\"description\":\"Servicio integral desde la Orden de Compra hasta un costeo a nivel de \u00cdtem de su mercanc\u00eda, Comunicaci\u00f3n con un solo ejecutivo para todo el proceso.\",\"breadcrumb\":{\"@id\":\"https:\/\/comerint.cl\/outsoucing-en-comercio-exterior\/#breadcrumb\"},\"inLanguage\":\"en-US\",\"potentialAction\":[{\"@type\":\"ReadAction\",\"target\":[\"https:\/\/comerint.cl\/outsoucing-en-comercio-exterior\/\"]}]},{\"@type\":\"ImageObject\",\"inLanguage\":\"en-US\",\"@id\":\"https:\/\/comerint.cl\/outsoucing-en-comercio-exterior\/#primaryimage\",\"url\":\"https:\/\/comerint.cl\/wp-content\/uploads\/2026\/01\/contact4.webp\",\"contentUrl\":\"https:\/\/comerint.cl\/wp-content\/uploads\/2026\/01\/contact4.webp\",\"width\":946,\"height\":319},{\"@type\":\"BreadcrumbList\",\"@id\":\"https:\/\/comerint.cl\/outsoucing-en-comercio-exterior\/#breadcrumb\",\"itemListElement\":[{\"@type\":\"ListItem\",\"position\":1,\"name\":\"Inicio\",\"item\":\"https:\/\/comerint.cl\/\"},{\"@type\":\"ListItem\",\"position\":2,\"name\":\"Outsourcing en comercio exterior\"}]},{\"@type\":\"WebSite\",\"@id\":\"https:\/\/comerint.cl\/#website\",\"url\":\"https:\/\/comerint.cl\/\",\"name\":\"Agencia de Aduanas Pedro Serrano Solar\",\"description\":\"\",\"publisher\":{\"@id\":\"https:\/\/comerint.cl\/#organization\"},\"potentialAction\":[{\"@type\":\"SearchAction\",\"target\":{\"@type\":\"EntryPoint\",\"urlTemplate\":\"https:\/\/comerint.cl\/?s={search_term_string}\"},\"query-input\":{\"@type\":\"PropertyValueSpecification\",\"valueRequired\":true,\"valueName\":\"search_term_string\"}}],\"inLanguage\":\"en-US\"},{\"@type\":\"Organization\",\"@id\":\"https:\/\/comerint.cl\/#organization\",\"name\":\"Agencia de Aduanas Pedro Serrano Solar\",\"url\":\"https:\/\/comerint.cl\/\",\"logo\":{\"@type\":\"ImageObject\",\"inLanguage\":\"en-US\",\"@id\":\"https:\/\/comerint.cl\/#\/schema\/logo\/image\/\",\"url\":\"https:\/\/comerint.cl\/wp-content\/uploads\/2025\/09\/logo-pedroserrano-color.svg\",\"contentUrl\":\"https:\/\/comerint.cl\/wp-content\/uploads\/2025\/09\/logo-pedroserrano-color.svg\",\"width\":1,\"height\":1,\"caption\":\"Agencia de Aduanas Pedro Serrano Solar\"},\"image\":{\"@id\":\"https:\/\/comerint.cl\/#\/schema\/logo\/image\/\"}}]}<\/script>\n<!-- \/ Yoast SEO Premium plugin. -->","yoast_head_json":{"title":"Outsourcing in foreign trade - Agencia de Aduanas Pedro Serrano Solar","description":"Integral service from the Purchase Order to an Item level costing of your merchandise, Communication with a single executive for the whole process.","robots":{"index":"index","follow":"follow","max-snippet":"max-snippet:-1","max-image-preview":"max-image-preview:large","max-video-preview":"max-video-preview:-1"},"canonical":"https:\/\/comerint.cl\/en\/foreign-trade-outsourcing\/","og_locale":"en_US","og_type":"article","og_title":"Outsourcing en comercio exterior","og_description":"Servicio integral desde la Orden de Compra hasta un costeo a nivel de \u00cdtem de su mercanc\u00eda, Comunicaci\u00f3n con un solo ejecutivo para todo el proceso.","og_url":"https:\/\/comerint.cl\/en\/foreign-trade-outsourcing\/","og_site_name":"Agencia de Aduanas Pedro Serrano Solar","article_modified_time":"2026-01-31T08:12:30+00:00","og_image":[{"width":946,"height":319,"url":"https:\/\/comerint.cl\/wp-content\/uploads\/2026\/01\/contact4.webp","type":"image\/webp"}],"twitter_card":"summary_large_image","twitter_misc":{"Est. reading time":"1 minute"},"schema":{"@context":"https:\/\/schema.org","@graph":[{"@type":"WebPage","@id":"https:\/\/comerint.cl\/outsoucing-en-comercio-exterior\/","url":"https:\/\/comerint.cl\/outsoucing-en-comercio-exterior\/","name":"Outsourcing in foreign trade - Agencia de Aduanas Pedro Serrano Solar","isPartOf":{"@id":"https:\/\/comerint.cl\/#website"},"primaryImageOfPage":{"@id":"https:\/\/comerint.cl\/outsoucing-en-comercio-exterior\/#primaryimage"},"image":{"@id":"https:\/\/comerint.cl\/outsoucing-en-comercio-exterior\/#primaryimage"},"thumbnailUrl":"https:\/\/comerint.cl\/wp-content\/uploads\/2026\/01\/contact4.webp","datePublished":"2025-06-23T19:27:24+00:00","dateModified":"2026-01-31T08:12:30+00:00","description":"Integral service from the Purchase Order to an Item level costing of your merchandise, Communication with a single executive for the whole process.","breadcrumb":{"@id":"https:\/\/comerint.cl\/outsoucing-en-comercio-exterior\/#breadcrumb"},"inLanguage":"en-US","potentialAction":[{"@type":"ReadAction","target":["https:\/\/comerint.cl\/outsoucing-en-comercio-exterior\/"]}]},{"@type":"ImageObject","inLanguage":"en-US","@id":"https:\/\/comerint.cl\/outsoucing-en-comercio-exterior\/#primaryimage","url":"https:\/\/comerint.cl\/wp-content\/uploads\/2026\/01\/contact4.webp","contentUrl":"https:\/\/comerint.cl\/wp-content\/uploads\/2026\/01\/contact4.webp","width":946,"height":319},{"@type":"BreadcrumbList","@id":"https:\/\/comerint.cl\/outsoucing-en-comercio-exterior\/#breadcrumb","itemListElement":[{"@type":"ListItem","position":1,"name":"Inicio","item":"https:\/\/comerint.cl\/"},{"@type":"ListItem","position":2,"name":"Outsourcing en comercio exterior"}]},{"@type":"WebSite","@id":"https:\/\/comerint.cl\/#website","url":"https:\/\/comerint.cl\/","name":"Pedro Serrano Solar Customs Agency","description":"","publisher":{"@id":"https:\/\/comerint.cl\/#organization"},"potentialAction":[{"@type":"SearchAction","target":{"@type":"EntryPoint","urlTemplate":"https:\/\/comerint.cl\/?s={search_term_string}"},"query-input":{"@type":"PropertyValueSpecification","valueRequired":true,"valueName":"search_term_string"}}],"inLanguage":"en-US"},{"@type":"Organization","@id":"https:\/\/comerint.cl\/#organization","name":"Pedro Serrano Solar Customs Agency","url":"https:\/\/comerint.cl\/","logo":{"@type":"ImageObject","inLanguage":"en-US","@id":"https:\/\/comerint.cl\/#\/schema\/logo\/image\/","url":"https:\/\/comerint.cl\/wp-content\/uploads\/2025\/09\/logo-pedroserrano-color.svg","contentUrl":"https:\/\/comerint.cl\/wp-content\/uploads\/2025\/09\/logo-pedroserrano-color.svg","width":1,"height":1,"caption":"Agencia de Aduanas Pedro Serrano Solar"},"image":{"@id":"https:\/\/comerint.cl\/#\/schema\/logo\/image\/"}}]}},"_links":{"self":[{"href":"https:\/\/comerint.cl\/en\/wp-json\/wp\/v2\/pages\/229","targetHints":{"allow":["GET"]}}],"collection":[{"href":"https:\/\/comerint.cl\/en\/wp-json\/wp\/v2\/pages"}],"about":[{"href":"https:\/\/comerint.cl\/en\/wp-json\/wp\/v2\/types\/page"}],"author":[{"embeddable":true,"href":"https:\/\/comerint.cl\/en\/wp-json\/wp\/v2\/users\/1"}],"replies":[{"embeddable":true,"href":"https:\/\/comerint.cl\/en\/wp-json\/wp\/v2\/comments?post=229"}],"version-history":[{"count":3,"href":"https:\/\/comerint.cl\/en\/wp-json\/wp\/v2\/pages\/229\/revisions"}],"predecessor-version":[{"id":454,"href":"https:\/\/comerint.cl\/en\/wp-json\/wp\/v2\/pages\/229\/revisions\/454"}],"wp:featuredmedia":[{"embeddable":true,"href":"https:\/\/comerint.cl\/en\/wp-json\/wp\/v2\/media\/673"}],"wp:attachment":[{"href":"https:\/\/comerint.cl\/en\/wp-json\/wp\/v2\/media?parent=229"}],"curies":[{"name":"wp","href":"https:\/\/api.w.org\/{rel}","templated":true}]}}