{"id":226,"date":"2025-06-23T16:26:04","date_gmt":"2025-06-23T19:26:04","guid":{"rendered":"http:\/\/localhost\/pedroserrano\/?page_id=226"},"modified":"2026-01-31T05:12:27","modified_gmt":"2026-01-31T08:12:27","slug":"we-advise-you-on-foreign-trade","status":"publish","type":"page","link":"https:\/\/comerint.cl\/en\/we-advise-you-on-foreign-trade\/","title":{"rendered":"We advise you on foreign trade"},"content":{"rendered":"<p>- Technical advice and Customs regulations.<br>- Optimization studies of logistics and customs processes.<br>- Management of international sales and purchase process.<br>- Personalized work plan according to each client's needs.<\/p>","protected":false},"excerpt":{"rendered":"<p>&#8211; Asesor\u00edas T\u00e9cnicas y en normativa Aduanera.&#8211; Estudios de optimizaci\u00f3n de procesos log\u00edsticos y aduaneros.&#8211; Gesti\u00f3n de proceso de compra y venta internacional.&#8211; Plan de trabajo personalizado seg\u00fan necesidad de cada cliente.<\/p>","protected":false},"author":1,"featured_media":672,"parent":0,"menu_order":0,"comment_status":"closed","ping_status":"closed","template":"page-templates\/page-asesoriacomex.php","meta":{"_acf_changed":false,"footnotes":""},"class_list":["post-226","page","type-page","status-publish","has-post-thumbnail","hentry"],"acf":[],"yoast_head":"<!-- This site is optimized with the Yoast SEO Premium plugin v26.8 (Yoast SEO v27.1.1) - https:\/\/yoast.com\/product\/yoast-seo-premium-wordpress\/ -->\n<title>Te asesoramos en comercio exterior - Agencia de Aduanas Pedro Serrano Solar<\/title>\n<meta name=\"description\" content=\"Asesor\u00edas T\u00e9cnicas y en normativa Aduanera. Estudios de optimizaci\u00f3n de procesos log\u00edsticos y aduaneros.\" \/>\n<meta name=\"robots\" content=\"index, follow, max-snippet:-1, max-image-preview:large, max-video-preview:-1\" \/>\n<link rel=\"canonical\" href=\"https:\/\/comerint.cl\/en\/we-advise-you-on-foreign-trade\/\" \/>\n<meta property=\"og:locale\" content=\"en_US\" \/>\n<meta property=\"og:type\" content=\"article\" \/>\n<meta property=\"og:title\" content=\"Te asesoramos en comercio exterior\" \/>\n<meta property=\"og:description\" content=\"Asesor\u00edas T\u00e9cnicas y en normativa Aduanera. Estudios de optimizaci\u00f3n de procesos log\u00edsticos y aduaneros.\" \/>\n<meta property=\"og:url\" content=\"https:\/\/comerint.cl\/en\/we-advise-you-on-foreign-trade\/\" \/>\n<meta property=\"og:site_name\" content=\"Agencia de Aduanas Pedro Serrano Solar\" \/>\n<meta property=\"article:modified_time\" content=\"2026-01-31T08:12:27+00:00\" \/>\n<meta property=\"og:image\" content=\"https:\/\/comerint.cl\/wp-content\/uploads\/2026\/01\/contact5-1.webp\" \/>\n\t<meta property=\"og:image:width\" content=\"945\" \/>\n\t<meta property=\"og:image:height\" content=\"319\" \/>\n\t<meta property=\"og:image:type\" content=\"image\/webp\" \/>\n<meta name=\"twitter:card\" content=\"summary_large_image\" \/>\n<meta name=\"twitter:label1\" content=\"Est. reading time\" \/>\n\t<meta name=\"twitter:data1\" content=\"1 minute\" \/>\n<script type=\"application\/ld+json\" class=\"yoast-schema-graph\">{\"@context\":\"https:\/\/schema.org\",\"@graph\":[{\"@type\":\"WebPage\",\"@id\":\"https:\/\/comerint.cl\/te-asesoramos-en-comercio-exterior\/\",\"url\":\"https:\/\/comerint.cl\/te-asesoramos-en-comercio-exterior\/\",\"name\":\"Te asesoramos en comercio exterior - Agencia de Aduanas Pedro Serrano Solar\",\"isPartOf\":{\"@id\":\"https:\/\/comerint.cl\/#website\"},\"primaryImageOfPage\":{\"@id\":\"https:\/\/comerint.cl\/te-asesoramos-en-comercio-exterior\/#primaryimage\"},\"image\":{\"@id\":\"https:\/\/comerint.cl\/te-asesoramos-en-comercio-exterior\/#primaryimage\"},\"thumbnailUrl\":\"https:\/\/comerint.cl\/wp-content\/uploads\/2026\/01\/contact5-1.webp\",\"datePublished\":\"2025-06-23T19:26:04+00:00\",\"dateModified\":\"2026-01-31T08:12:27+00:00\",\"description\":\"Asesor\u00edas T\u00e9cnicas y en normativa Aduanera. Estudios de optimizaci\u00f3n de procesos log\u00edsticos y aduaneros.\",\"breadcrumb\":{\"@id\":\"https:\/\/comerint.cl\/te-asesoramos-en-comercio-exterior\/#breadcrumb\"},\"inLanguage\":\"en-US\",\"potentialAction\":[{\"@type\":\"ReadAction\",\"target\":[\"https:\/\/comerint.cl\/te-asesoramos-en-comercio-exterior\/\"]}]},{\"@type\":\"ImageObject\",\"inLanguage\":\"en-US\",\"@id\":\"https:\/\/comerint.cl\/te-asesoramos-en-comercio-exterior\/#primaryimage\",\"url\":\"https:\/\/comerint.cl\/wp-content\/uploads\/2026\/01\/contact5-1.webp\",\"contentUrl\":\"https:\/\/comerint.cl\/wp-content\/uploads\/2026\/01\/contact5-1.webp\",\"width\":945,\"height\":319},{\"@type\":\"BreadcrumbList\",\"@id\":\"https:\/\/comerint.cl\/te-asesoramos-en-comercio-exterior\/#breadcrumb\",\"itemListElement\":[{\"@type\":\"ListItem\",\"position\":1,\"name\":\"Inicio\",\"item\":\"https:\/\/comerint.cl\/\"},{\"@type\":\"ListItem\",\"position\":2,\"name\":\"Te asesoramos en comercio exterior\"}]},{\"@type\":\"WebSite\",\"@id\":\"https:\/\/comerint.cl\/#website\",\"url\":\"https:\/\/comerint.cl\/\",\"name\":\"Agencia de Aduanas Pedro Serrano Solar\",\"description\":\"\",\"publisher\":{\"@id\":\"https:\/\/comerint.cl\/#organization\"},\"potentialAction\":[{\"@type\":\"SearchAction\",\"target\":{\"@type\":\"EntryPoint\",\"urlTemplate\":\"https:\/\/comerint.cl\/?s={search_term_string}\"},\"query-input\":{\"@type\":\"PropertyValueSpecification\",\"valueRequired\":true,\"valueName\":\"search_term_string\"}}],\"inLanguage\":\"en-US\"},{\"@type\":\"Organization\",\"@id\":\"https:\/\/comerint.cl\/#organization\",\"name\":\"Agencia de Aduanas Pedro Serrano Solar\",\"url\":\"https:\/\/comerint.cl\/\",\"logo\":{\"@type\":\"ImageObject\",\"inLanguage\":\"en-US\",\"@id\":\"https:\/\/comerint.cl\/#\/schema\/logo\/image\/\",\"url\":\"https:\/\/comerint.cl\/wp-content\/uploads\/2025\/09\/logo-pedroserrano-color.svg\",\"contentUrl\":\"https:\/\/comerint.cl\/wp-content\/uploads\/2025\/09\/logo-pedroserrano-color.svg\",\"width\":1,\"height\":1,\"caption\":\"Agencia de Aduanas Pedro Serrano Solar\"},\"image\":{\"@id\":\"https:\/\/comerint.cl\/#\/schema\/logo\/image\/\"}}]}<\/script>\n<!-- \/ Yoast SEO Premium plugin. -->","yoast_head_json":{"title":"We advise you on foreign trade - Agencia de Aduanas Pedro Serrano Solar","description":"Technical advice and customs regulations. Optimization studies of logistic and customs processes.","robots":{"index":"index","follow":"follow","max-snippet":"max-snippet:-1","max-image-preview":"max-image-preview:large","max-video-preview":"max-video-preview:-1"},"canonical":"https:\/\/comerint.cl\/en\/we-advise-you-on-foreign-trade\/","og_locale":"en_US","og_type":"article","og_title":"Te asesoramos en comercio exterior","og_description":"Asesor\u00edas T\u00e9cnicas y en normativa Aduanera. Estudios de optimizaci\u00f3n de procesos log\u00edsticos y aduaneros.","og_url":"https:\/\/comerint.cl\/en\/we-advise-you-on-foreign-trade\/","og_site_name":"Agencia de Aduanas Pedro Serrano Solar","article_modified_time":"2026-01-31T08:12:27+00:00","og_image":[{"width":945,"height":319,"url":"https:\/\/comerint.cl\/wp-content\/uploads\/2026\/01\/contact5-1.webp","type":"image\/webp"}],"twitter_card":"summary_large_image","twitter_misc":{"Est. reading time":"1 minute"},"schema":{"@context":"https:\/\/schema.org","@graph":[{"@type":"WebPage","@id":"https:\/\/comerint.cl\/te-asesoramos-en-comercio-exterior\/","url":"https:\/\/comerint.cl\/te-asesoramos-en-comercio-exterior\/","name":"We advise you on foreign trade - Agencia de Aduanas Pedro Serrano Solar","isPartOf":{"@id":"https:\/\/comerint.cl\/#website"},"primaryImageOfPage":{"@id":"https:\/\/comerint.cl\/te-asesoramos-en-comercio-exterior\/#primaryimage"},"image":{"@id":"https:\/\/comerint.cl\/te-asesoramos-en-comercio-exterior\/#primaryimage"},"thumbnailUrl":"https:\/\/comerint.cl\/wp-content\/uploads\/2026\/01\/contact5-1.webp","datePublished":"2025-06-23T19:26:04+00:00","dateModified":"2026-01-31T08:12:27+00:00","description":"Technical advice and customs regulations. Optimization studies of logistic and customs processes.","breadcrumb":{"@id":"https:\/\/comerint.cl\/te-asesoramos-en-comercio-exterior\/#breadcrumb"},"inLanguage":"en-US","potentialAction":[{"@type":"ReadAction","target":["https:\/\/comerint.cl\/te-asesoramos-en-comercio-exterior\/"]}]},{"@type":"ImageObject","inLanguage":"en-US","@id":"https:\/\/comerint.cl\/te-asesoramos-en-comercio-exterior\/#primaryimage","url":"https:\/\/comerint.cl\/wp-content\/uploads\/2026\/01\/contact5-1.webp","contentUrl":"https:\/\/comerint.cl\/wp-content\/uploads\/2026\/01\/contact5-1.webp","width":945,"height":319},{"@type":"BreadcrumbList","@id":"https:\/\/comerint.cl\/te-asesoramos-en-comercio-exterior\/#breadcrumb","itemListElement":[{"@type":"ListItem","position":1,"name":"Inicio","item":"https:\/\/comerint.cl\/"},{"@type":"ListItem","position":2,"name":"Te asesoramos en comercio exterior"}]},{"@type":"WebSite","@id":"https:\/\/comerint.cl\/#website","url":"https:\/\/comerint.cl\/","name":"Pedro Serrano Solar Customs Agency","description":"","publisher":{"@id":"https:\/\/comerint.cl\/#organization"},"potentialAction":[{"@type":"SearchAction","target":{"@type":"EntryPoint","urlTemplate":"https:\/\/comerint.cl\/?s={search_term_string}"},"query-input":{"@type":"PropertyValueSpecification","valueRequired":true,"valueName":"search_term_string"}}],"inLanguage":"en-US"},{"@type":"Organization","@id":"https:\/\/comerint.cl\/#organization","name":"Pedro Serrano Solar Customs Agency","url":"https:\/\/comerint.cl\/","logo":{"@type":"ImageObject","inLanguage":"en-US","@id":"https:\/\/comerint.cl\/#\/schema\/logo\/image\/","url":"https:\/\/comerint.cl\/wp-content\/uploads\/2025\/09\/logo-pedroserrano-color.svg","contentUrl":"https:\/\/comerint.cl\/wp-content\/uploads\/2025\/09\/logo-pedroserrano-color.svg","width":1,"height":1,"caption":"Agencia de Aduanas Pedro Serrano Solar"},"image":{"@id":"https:\/\/comerint.cl\/#\/schema\/logo\/image\/"}}]}},"_links":{"self":[{"href":"https:\/\/comerint.cl\/en\/wp-json\/wp\/v2\/pages\/226","targetHints":{"allow":["GET"]}}],"collection":[{"href":"https:\/\/comerint.cl\/en\/wp-json\/wp\/v2\/pages"}],"about":[{"href":"https:\/\/comerint.cl\/en\/wp-json\/wp\/v2\/types\/page"}],"author":[{"embeddable":true,"href":"https:\/\/comerint.cl\/en\/wp-json\/wp\/v2\/users\/1"}],"replies":[{"embeddable":true,"href":"https:\/\/comerint.cl\/en\/wp-json\/wp\/v2\/comments?post=226"}],"version-history":[{"count":1,"href":"https:\/\/comerint.cl\/en\/wp-json\/wp\/v2\/pages\/226\/revisions"}],"predecessor-version":[{"id":228,"href":"https:\/\/comerint.cl\/en\/wp-json\/wp\/v2\/pages\/226\/revisions\/228"}],"wp:featuredmedia":[{"embeddable":true,"href":"https:\/\/comerint.cl\/en\/wp-json\/wp\/v2\/media\/672"}],"wp:attachment":[{"href":"https:\/\/comerint.cl\/en\/wp-json\/wp\/v2\/media?parent=226"}],"curies":[{"name":"wp","href":"https:\/\/api.w.org\/{rel}","templated":true}]}}