{"id":223,"date":"2025-06-23T16:25:27","date_gmt":"2025-06-23T19:25:27","guid":{"rendered":"http:\/\/localhost\/pedroserrano\/?page_id=223"},"modified":"2026-01-31T05:11:10","modified_gmt":"2026-01-31T08:11:10","slug":"imports","status":"publish","type":"page","link":"https:\/\/comerint.cl\/en\/imports\/","title":{"rendered":"Imports"},"content":{"rendered":"<p><strong>Imports with technical support, traceability and control of each stage of the process.<\/strong><\/p>\n\n\n\n<p>- Integral accompaniment in the process of merchandise internment.<br>- Application of international treaties and tariff preferences.<br>- Digitized 100% documentation, online tracking and automatic alerts.<br>- Invoicing designed to facilitate timely costing of imports.<br>- Unit specialized in certifications for procedures before SEREMI, SAG, ISP and other public agencies, when required.<\/p>","protected":false},"excerpt":{"rendered":"<p>Importa con respaldo t\u00e9cnico, trazabilidad y control de cada etapa del proceso &#8211; Acompa\u00f1amiento integral en el proceso de internaci\u00f3n de mercanc\u00edas.&#8211; Aplicaci\u00f3n de tratados internacionales y preferencias arancelarias.&#8211; Documentaci\u00f3n 100% digitalizada, seguimiento en l\u00ednea y alertas autom\u00e1ticas.&#8211; Facturaci\u00f3n dise\u00f1ada para facilitar el costeo oportuno de las importaciones.&#8211; Unidad especializada en certificaciones para tr\u00e1mites ante [&hellip;]<\/p>","protected":false},"author":1,"featured_media":671,"parent":0,"menu_order":0,"comment_status":"closed","ping_status":"closed","template":"page-templates\/page-asesoriaimport.php","meta":{"_acf_changed":false,"footnotes":""},"class_list":["post-223","page","type-page","status-publish","has-post-thumbnail","hentry"],"acf":[],"yoast_head":"<!-- This site is optimized with the Yoast SEO Premium plugin v26.8 (Yoast SEO v27.1.1) - https:\/\/yoast.com\/product\/yoast-seo-premium-wordpress\/ -->\n<title>Importaciones - Agencia de Aduanas Pedro Serrano Solar<\/title>\n<meta name=\"description\" content=\"Importa con respaldo t\u00e9cnico, trazabilidad y control de cada etapa del proceso\" \/>\n<meta name=\"robots\" content=\"index, follow, max-snippet:-1, max-image-preview:large, max-video-preview:-1\" \/>\n<link rel=\"canonical\" href=\"https:\/\/comerint.cl\/en\/imports\/\" \/>\n<meta property=\"og:locale\" content=\"en_US\" \/>\n<meta property=\"og:type\" content=\"article\" \/>\n<meta property=\"og:title\" content=\"Importaciones\" \/>\n<meta property=\"og:description\" content=\"Importa con respaldo t\u00e9cnico, trazabilidad y control de cada etapa del proceso\" \/>\n<meta property=\"og:url\" content=\"https:\/\/comerint.cl\/en\/imports\/\" \/>\n<meta property=\"og:site_name\" content=\"Agencia de Aduanas Pedro Serrano Solar\" \/>\n<meta property=\"article:modified_time\" content=\"2026-01-31T08:11:10+00:00\" \/>\n<meta property=\"og:image\" content=\"https:\/\/comerint.cl\/wp-content\/uploads\/2026\/01\/contact2-1.webp\" \/>\n\t<meta property=\"og:image:width\" content=\"946\" \/>\n\t<meta property=\"og:image:height\" content=\"319\" \/>\n\t<meta property=\"og:image:type\" content=\"image\/webp\" \/>\n<meta name=\"twitter:card\" content=\"summary_large_image\" \/>\n<meta name=\"twitter:label1\" content=\"Est. reading time\" \/>\n\t<meta name=\"twitter:data1\" content=\"1 minute\" \/>\n<script type=\"application\/ld+json\" class=\"yoast-schema-graph\">{\"@context\":\"https:\/\/schema.org\",\"@graph\":[{\"@type\":\"WebPage\",\"@id\":\"https:\/\/comerint.cl\/importaciones\/\",\"url\":\"https:\/\/comerint.cl\/importaciones\/\",\"name\":\"Importaciones - Agencia de Aduanas Pedro Serrano Solar\",\"isPartOf\":{\"@id\":\"https:\/\/comerint.cl\/#website\"},\"primaryImageOfPage\":{\"@id\":\"https:\/\/comerint.cl\/importaciones\/#primaryimage\"},\"image\":{\"@id\":\"https:\/\/comerint.cl\/importaciones\/#primaryimage\"},\"thumbnailUrl\":\"https:\/\/comerint.cl\/wp-content\/uploads\/2026\/01\/contact2-1.webp\",\"datePublished\":\"2025-06-23T19:25:27+00:00\",\"dateModified\":\"2026-01-31T08:11:10+00:00\",\"description\":\"Importa con respaldo t\u00e9cnico, trazabilidad y control de cada etapa del proceso\",\"breadcrumb\":{\"@id\":\"https:\/\/comerint.cl\/importaciones\/#breadcrumb\"},\"inLanguage\":\"en-US\",\"potentialAction\":[{\"@type\":\"ReadAction\",\"target\":[\"https:\/\/comerint.cl\/importaciones\/\"]}]},{\"@type\":\"ImageObject\",\"inLanguage\":\"en-US\",\"@id\":\"https:\/\/comerint.cl\/importaciones\/#primaryimage\",\"url\":\"https:\/\/comerint.cl\/wp-content\/uploads\/2026\/01\/contact2-1.webp\",\"contentUrl\":\"https:\/\/comerint.cl\/wp-content\/uploads\/2026\/01\/contact2-1.webp\",\"width\":946,\"height\":319},{\"@type\":\"BreadcrumbList\",\"@id\":\"https:\/\/comerint.cl\/importaciones\/#breadcrumb\",\"itemListElement\":[{\"@type\":\"ListItem\",\"position\":1,\"name\":\"Inicio\",\"item\":\"https:\/\/comerint.cl\/\"},{\"@type\":\"ListItem\",\"position\":2,\"name\":\"Importaciones\"}]},{\"@type\":\"WebSite\",\"@id\":\"https:\/\/comerint.cl\/#website\",\"url\":\"https:\/\/comerint.cl\/\",\"name\":\"Agencia de Aduanas Pedro Serrano Solar\",\"description\":\"\",\"publisher\":{\"@id\":\"https:\/\/comerint.cl\/#organization\"},\"potentialAction\":[{\"@type\":\"SearchAction\",\"target\":{\"@type\":\"EntryPoint\",\"urlTemplate\":\"https:\/\/comerint.cl\/?s={search_term_string}\"},\"query-input\":{\"@type\":\"PropertyValueSpecification\",\"valueRequired\":true,\"valueName\":\"search_term_string\"}}],\"inLanguage\":\"en-US\"},{\"@type\":\"Organization\",\"@id\":\"https:\/\/comerint.cl\/#organization\",\"name\":\"Agencia de Aduanas Pedro Serrano Solar\",\"url\":\"https:\/\/comerint.cl\/\",\"logo\":{\"@type\":\"ImageObject\",\"inLanguage\":\"en-US\",\"@id\":\"https:\/\/comerint.cl\/#\/schema\/logo\/image\/\",\"url\":\"https:\/\/comerint.cl\/wp-content\/uploads\/2025\/09\/logo-pedroserrano-color.svg\",\"contentUrl\":\"https:\/\/comerint.cl\/wp-content\/uploads\/2025\/09\/logo-pedroserrano-color.svg\",\"width\":1,\"height\":1,\"caption\":\"Agencia de Aduanas Pedro Serrano Solar\"},\"image\":{\"@id\":\"https:\/\/comerint.cl\/#\/schema\/logo\/image\/\"}}]}<\/script>\n<!-- \/ Yoast SEO Premium plugin. -->","yoast_head_json":{"title":"Imports - Customs Agency Pedro Serrano Solar","description":"Imports with technical support, traceability and control of each stage of the process.","robots":{"index":"index","follow":"follow","max-snippet":"max-snippet:-1","max-image-preview":"max-image-preview:large","max-video-preview":"max-video-preview:-1"},"canonical":"https:\/\/comerint.cl\/en\/imports\/","og_locale":"en_US","og_type":"article","og_title":"Importaciones","og_description":"Importa con respaldo t\u00e9cnico, trazabilidad y control de cada etapa del proceso","og_url":"https:\/\/comerint.cl\/en\/imports\/","og_site_name":"Agencia de Aduanas Pedro Serrano Solar","article_modified_time":"2026-01-31T08:11:10+00:00","og_image":[{"width":946,"height":319,"url":"https:\/\/comerint.cl\/wp-content\/uploads\/2026\/01\/contact2-1.webp","type":"image\/webp"}],"twitter_card":"summary_large_image","twitter_misc":{"Est. reading time":"1 minute"},"schema":{"@context":"https:\/\/schema.org","@graph":[{"@type":"WebPage","@id":"https:\/\/comerint.cl\/importaciones\/","url":"https:\/\/comerint.cl\/importaciones\/","name":"Imports - Customs Agency Pedro Serrano Solar","isPartOf":{"@id":"https:\/\/comerint.cl\/#website"},"primaryImageOfPage":{"@id":"https:\/\/comerint.cl\/importaciones\/#primaryimage"},"image":{"@id":"https:\/\/comerint.cl\/importaciones\/#primaryimage"},"thumbnailUrl":"https:\/\/comerint.cl\/wp-content\/uploads\/2026\/01\/contact2-1.webp","datePublished":"2025-06-23T19:25:27+00:00","dateModified":"2026-01-31T08:11:10+00:00","description":"Imports with technical support, traceability and control of each stage of the process.","breadcrumb":{"@id":"https:\/\/comerint.cl\/importaciones\/#breadcrumb"},"inLanguage":"en-US","potentialAction":[{"@type":"ReadAction","target":["https:\/\/comerint.cl\/importaciones\/"]}]},{"@type":"ImageObject","inLanguage":"en-US","@id":"https:\/\/comerint.cl\/importaciones\/#primaryimage","url":"https:\/\/comerint.cl\/wp-content\/uploads\/2026\/01\/contact2-1.webp","contentUrl":"https:\/\/comerint.cl\/wp-content\/uploads\/2026\/01\/contact2-1.webp","width":946,"height":319},{"@type":"BreadcrumbList","@id":"https:\/\/comerint.cl\/importaciones\/#breadcrumb","itemListElement":[{"@type":"ListItem","position":1,"name":"Inicio","item":"https:\/\/comerint.cl\/"},{"@type":"ListItem","position":2,"name":"Importaciones"}]},{"@type":"WebSite","@id":"https:\/\/comerint.cl\/#website","url":"https:\/\/comerint.cl\/","name":"Pedro Serrano Solar Customs Agency","description":"","publisher":{"@id":"https:\/\/comerint.cl\/#organization"},"potentialAction":[{"@type":"SearchAction","target":{"@type":"EntryPoint","urlTemplate":"https:\/\/comerint.cl\/?s={search_term_string}"},"query-input":{"@type":"PropertyValueSpecification","valueRequired":true,"valueName":"search_term_string"}}],"inLanguage":"en-US"},{"@type":"Organization","@id":"https:\/\/comerint.cl\/#organization","name":"Pedro Serrano Solar Customs Agency","url":"https:\/\/comerint.cl\/","logo":{"@type":"ImageObject","inLanguage":"en-US","@id":"https:\/\/comerint.cl\/#\/schema\/logo\/image\/","url":"https:\/\/comerint.cl\/wp-content\/uploads\/2025\/09\/logo-pedroserrano-color.svg","contentUrl":"https:\/\/comerint.cl\/wp-content\/uploads\/2025\/09\/logo-pedroserrano-color.svg","width":1,"height":1,"caption":"Agencia de Aduanas Pedro Serrano Solar"},"image":{"@id":"https:\/\/comerint.cl\/#\/schema\/logo\/image\/"}}]}},"_links":{"self":[{"href":"https:\/\/comerint.cl\/en\/wp-json\/wp\/v2\/pages\/223","targetHints":{"allow":["GET"]}}],"collection":[{"href":"https:\/\/comerint.cl\/en\/wp-json\/wp\/v2\/pages"}],"about":[{"href":"https:\/\/comerint.cl\/en\/wp-json\/wp\/v2\/types\/page"}],"author":[{"embeddable":true,"href":"https:\/\/comerint.cl\/en\/wp-json\/wp\/v2\/users\/1"}],"replies":[{"embeddable":true,"href":"https:\/\/comerint.cl\/en\/wp-json\/wp\/v2\/comments?post=223"}],"version-history":[{"count":1,"href":"https:\/\/comerint.cl\/en\/wp-json\/wp\/v2\/pages\/223\/revisions"}],"predecessor-version":[{"id":225,"href":"https:\/\/comerint.cl\/en\/wp-json\/wp\/v2\/pages\/223\/revisions\/225"}],"wp:featuredmedia":[{"embeddable":true,"href":"https:\/\/comerint.cl\/en\/wp-json\/wp\/v2\/media\/671"}],"wp:attachment":[{"href":"https:\/\/comerint.cl\/en\/wp-json\/wp\/v2\/media?parent=223"}],"curies":[{"name":"wp","href":"https:\/\/api.w.org\/{rel}","templated":true}]}}