{"id":219,"date":"2025-06-23T16:24:39","date_gmt":"2025-06-23T19:24:39","guid":{"rendered":"http:\/\/localhost\/pedroserrano\/?page_id=219"},"modified":"2026-01-31T05:11:13","modified_gmt":"2026-01-31T08:11:13","slug":"exports","status":"publish","type":"page","link":"https:\/\/comerint.cl\/en\/exports\/","title":{"rendered":"Exports"},"content":{"rendered":"<p><strong>We accompany you at every stage of your exports<\/strong><br>We provide all our experience and technical knowledge to manage your export operations with fluidity, order and clarity at every stage.<\/p>\n\n\n\n<p>- Customs clearance for exit of goods.<br>- Processing of the certificate of origin, including formalities with SOFOFA and related entities.<br>- Coordination of temporary departures.<br>- Service export management.<\/p>","protected":false},"excerpt":{"rendered":"<p>Te acompa\u00f1amos en cada etapa de tus exportacionesPonemos a disposici\u00f3n toda nuestra experiencia y conocimiento t\u00e9cnico para gestionar tus operaciones de exportaci\u00f3n con fluidez, orden y claridad en cada etapa. &#8211; Tr\u00e1mite aduanero para salida de mercanc\u00edas.&#8211; Tramitaci\u00f3n del certificado de origen, incluyendo gestiones ante SOFOFA y entes relacionados.&#8211; Coordinaci\u00f3n de salidas temporales.&#8211; Gesti\u00f3n de [&hellip;]<\/p>","protected":false},"author":1,"featured_media":670,"parent":0,"menu_order":0,"comment_status":"closed","ping_status":"closed","template":"page-templates\/page-asesoriaexport.php","meta":{"_acf_changed":false,"footnotes":""},"class_list":["post-219","page","type-page","status-publish","has-post-thumbnail","hentry"],"acf":[],"yoast_head":"<!-- This site is optimized with the Yoast SEO Premium plugin v26.8 (Yoast SEO v27.1.1) - https:\/\/yoast.com\/product\/yoast-seo-premium-wordpress\/ -->\n<title>Exportaciones - Agencia de Aduanas Pedro Serrano Solar<\/title>\n<meta name=\"description\" content=\"Te acompa\u00f1amos en cada etapa de tus exportaciones, ponemos a disposici\u00f3n toda nuestra experiencia y conocimiento t\u00e9cnico para gestionar tus operaciones de exportaci\u00f3n con fluidez, orden y claridad en cada etapa.\" \/>\n<meta name=\"robots\" content=\"index, follow, max-snippet:-1, max-image-preview:large, max-video-preview:-1\" \/>\n<link rel=\"canonical\" href=\"https:\/\/comerint.cl\/en\/exports\/\" \/>\n<meta property=\"og:locale\" content=\"en_US\" \/>\n<meta property=\"og:type\" content=\"article\" \/>\n<meta property=\"og:title\" content=\"Exportaciones\" \/>\n<meta property=\"og:description\" content=\"Te acompa\u00f1amos en cada etapa de tus exportaciones, ponemos a disposici\u00f3n toda nuestra experiencia y conocimiento t\u00e9cnico para gestionar tus operaciones de exportaci\u00f3n con fluidez, orden y claridad en cada etapa.\" \/>\n<meta property=\"og:url\" content=\"https:\/\/comerint.cl\/en\/exports\/\" \/>\n<meta property=\"og:site_name\" content=\"Agencia de Aduanas Pedro Serrano Solar\" \/>\n<meta property=\"article:modified_time\" content=\"2026-01-31T08:11:13+00:00\" \/>\n<meta property=\"og:image\" content=\"https:\/\/comerint.cl\/wp-content\/uploads\/2026\/01\/contact3-1.webp\" \/>\n\t<meta property=\"og:image:width\" content=\"945\" \/>\n\t<meta property=\"og:image:height\" content=\"319\" \/>\n\t<meta property=\"og:image:type\" content=\"image\/webp\" \/>\n<meta name=\"twitter:card\" content=\"summary_large_image\" \/>\n<meta name=\"twitter:label1\" content=\"Est. reading time\" \/>\n\t<meta name=\"twitter:data1\" content=\"1 minute\" \/>\n<script type=\"application\/ld+json\" class=\"yoast-schema-graph\">{\"@context\":\"https:\/\/schema.org\",\"@graph\":[{\"@type\":\"WebPage\",\"@id\":\"https:\/\/comerint.cl\/exportaciones\/\",\"url\":\"https:\/\/comerint.cl\/exportaciones\/\",\"name\":\"Exportaciones - Agencia de Aduanas Pedro Serrano Solar\",\"isPartOf\":{\"@id\":\"https:\/\/comerint.cl\/#website\"},\"primaryImageOfPage\":{\"@id\":\"https:\/\/comerint.cl\/exportaciones\/#primaryimage\"},\"image\":{\"@id\":\"https:\/\/comerint.cl\/exportaciones\/#primaryimage\"},\"thumbnailUrl\":\"https:\/\/comerint.cl\/wp-content\/uploads\/2026\/01\/contact3-1.webp\",\"datePublished\":\"2025-06-23T19:24:39+00:00\",\"dateModified\":\"2026-01-31T08:11:13+00:00\",\"description\":\"Te acompa\u00f1amos en cada etapa de tus exportaciones, ponemos a disposici\u00f3n toda nuestra experiencia y conocimiento t\u00e9cnico para gestionar tus operaciones de exportaci\u00f3n con fluidez, orden y claridad en cada etapa.\",\"breadcrumb\":{\"@id\":\"https:\/\/comerint.cl\/exportaciones\/#breadcrumb\"},\"inLanguage\":\"en-US\",\"potentialAction\":[{\"@type\":\"ReadAction\",\"target\":[\"https:\/\/comerint.cl\/exportaciones\/\"]}]},{\"@type\":\"ImageObject\",\"inLanguage\":\"en-US\",\"@id\":\"https:\/\/comerint.cl\/exportaciones\/#primaryimage\",\"url\":\"https:\/\/comerint.cl\/wp-content\/uploads\/2026\/01\/contact3-1.webp\",\"contentUrl\":\"https:\/\/comerint.cl\/wp-content\/uploads\/2026\/01\/contact3-1.webp\",\"width\":945,\"height\":319},{\"@type\":\"BreadcrumbList\",\"@id\":\"https:\/\/comerint.cl\/exportaciones\/#breadcrumb\",\"itemListElement\":[{\"@type\":\"ListItem\",\"position\":1,\"name\":\"Inicio\",\"item\":\"https:\/\/comerint.cl\/\"},{\"@type\":\"ListItem\",\"position\":2,\"name\":\"Exportaciones\"}]},{\"@type\":\"WebSite\",\"@id\":\"https:\/\/comerint.cl\/#website\",\"url\":\"https:\/\/comerint.cl\/\",\"name\":\"Agencia de Aduanas Pedro Serrano Solar\",\"description\":\"\",\"publisher\":{\"@id\":\"https:\/\/comerint.cl\/#organization\"},\"potentialAction\":[{\"@type\":\"SearchAction\",\"target\":{\"@type\":\"EntryPoint\",\"urlTemplate\":\"https:\/\/comerint.cl\/?s={search_term_string}\"},\"query-input\":{\"@type\":\"PropertyValueSpecification\",\"valueRequired\":true,\"valueName\":\"search_term_string\"}}],\"inLanguage\":\"en-US\"},{\"@type\":\"Organization\",\"@id\":\"https:\/\/comerint.cl\/#organization\",\"name\":\"Agencia de Aduanas Pedro Serrano Solar\",\"url\":\"https:\/\/comerint.cl\/\",\"logo\":{\"@type\":\"ImageObject\",\"inLanguage\":\"en-US\",\"@id\":\"https:\/\/comerint.cl\/#\/schema\/logo\/image\/\",\"url\":\"https:\/\/comerint.cl\/wp-content\/uploads\/2025\/09\/logo-pedroserrano-color.svg\",\"contentUrl\":\"https:\/\/comerint.cl\/wp-content\/uploads\/2025\/09\/logo-pedroserrano-color.svg\",\"width\":1,\"height\":1,\"caption\":\"Agencia de Aduanas Pedro Serrano Solar\"},\"image\":{\"@id\":\"https:\/\/comerint.cl\/#\/schema\/logo\/image\/\"}}]}<\/script>\n<!-- \/ Yoast SEO Premium plugin. -->","yoast_head_json":{"title":"Exports - Customs Agency Pedro Serrano Solar","description":"We accompany you in each stage of your exports, we provide all our experience and technical knowledge to manage your export operations with fluidity, order and clarity at each stage.","robots":{"index":"index","follow":"follow","max-snippet":"max-snippet:-1","max-image-preview":"max-image-preview:large","max-video-preview":"max-video-preview:-1"},"canonical":"https:\/\/comerint.cl\/en\/exports\/","og_locale":"en_US","og_type":"article","og_title":"Exportaciones","og_description":"Te acompa\u00f1amos en cada etapa de tus exportaciones, ponemos a disposici\u00f3n toda nuestra experiencia y conocimiento t\u00e9cnico para gestionar tus operaciones de exportaci\u00f3n con fluidez, orden y claridad en cada etapa.","og_url":"https:\/\/comerint.cl\/en\/exports\/","og_site_name":"Agencia de Aduanas Pedro Serrano Solar","article_modified_time":"2026-01-31T08:11:13+00:00","og_image":[{"width":945,"height":319,"url":"https:\/\/comerint.cl\/wp-content\/uploads\/2026\/01\/contact3-1.webp","type":"image\/webp"}],"twitter_card":"summary_large_image","twitter_misc":{"Est. reading time":"1 minute"},"schema":{"@context":"https:\/\/schema.org","@graph":[{"@type":"WebPage","@id":"https:\/\/comerint.cl\/exportaciones\/","url":"https:\/\/comerint.cl\/exportaciones\/","name":"Exports - Customs Agency Pedro Serrano Solar","isPartOf":{"@id":"https:\/\/comerint.cl\/#website"},"primaryImageOfPage":{"@id":"https:\/\/comerint.cl\/exportaciones\/#primaryimage"},"image":{"@id":"https:\/\/comerint.cl\/exportaciones\/#primaryimage"},"thumbnailUrl":"https:\/\/comerint.cl\/wp-content\/uploads\/2026\/01\/contact3-1.webp","datePublished":"2025-06-23T19:24:39+00:00","dateModified":"2026-01-31T08:11:13+00:00","description":"We accompany you in each stage of your exports, we provide all our experience and technical knowledge to manage your export operations with fluidity, order and clarity at each stage.","breadcrumb":{"@id":"https:\/\/comerint.cl\/exportaciones\/#breadcrumb"},"inLanguage":"en-US","potentialAction":[{"@type":"ReadAction","target":["https:\/\/comerint.cl\/exportaciones\/"]}]},{"@type":"ImageObject","inLanguage":"en-US","@id":"https:\/\/comerint.cl\/exportaciones\/#primaryimage","url":"https:\/\/comerint.cl\/wp-content\/uploads\/2026\/01\/contact3-1.webp","contentUrl":"https:\/\/comerint.cl\/wp-content\/uploads\/2026\/01\/contact3-1.webp","width":945,"height":319},{"@type":"BreadcrumbList","@id":"https:\/\/comerint.cl\/exportaciones\/#breadcrumb","itemListElement":[{"@type":"ListItem","position":1,"name":"Inicio","item":"https:\/\/comerint.cl\/"},{"@type":"ListItem","position":2,"name":"Exportaciones"}]},{"@type":"WebSite","@id":"https:\/\/comerint.cl\/#website","url":"https:\/\/comerint.cl\/","name":"Pedro Serrano Solar Customs Agency","description":"","publisher":{"@id":"https:\/\/comerint.cl\/#organization"},"potentialAction":[{"@type":"SearchAction","target":{"@type":"EntryPoint","urlTemplate":"https:\/\/comerint.cl\/?s={search_term_string}"},"query-input":{"@type":"PropertyValueSpecification","valueRequired":true,"valueName":"search_term_string"}}],"inLanguage":"en-US"},{"@type":"Organization","@id":"https:\/\/comerint.cl\/#organization","name":"Pedro Serrano Solar Customs Agency","url":"https:\/\/comerint.cl\/","logo":{"@type":"ImageObject","inLanguage":"en-US","@id":"https:\/\/comerint.cl\/#\/schema\/logo\/image\/","url":"https:\/\/comerint.cl\/wp-content\/uploads\/2025\/09\/logo-pedroserrano-color.svg","contentUrl":"https:\/\/comerint.cl\/wp-content\/uploads\/2025\/09\/logo-pedroserrano-color.svg","width":1,"height":1,"caption":"Agencia de Aduanas Pedro Serrano Solar"},"image":{"@id":"https:\/\/comerint.cl\/#\/schema\/logo\/image\/"}}]}},"_links":{"self":[{"href":"https:\/\/comerint.cl\/en\/wp-json\/wp\/v2\/pages\/219","targetHints":{"allow":["GET"]}}],"collection":[{"href":"https:\/\/comerint.cl\/en\/wp-json\/wp\/v2\/pages"}],"about":[{"href":"https:\/\/comerint.cl\/en\/wp-json\/wp\/v2\/types\/page"}],"author":[{"embeddable":true,"href":"https:\/\/comerint.cl\/en\/wp-json\/wp\/v2\/users\/1"}],"replies":[{"embeddable":true,"href":"https:\/\/comerint.cl\/en\/wp-json\/wp\/v2\/comments?post=219"}],"version-history":[{"count":2,"href":"https:\/\/comerint.cl\/en\/wp-json\/wp\/v2\/pages\/219\/revisions"}],"predecessor-version":[{"id":222,"href":"https:\/\/comerint.cl\/en\/wp-json\/wp\/v2\/pages\/219\/revisions\/222"}],"wp:featuredmedia":[{"embeddable":true,"href":"https:\/\/comerint.cl\/en\/wp-json\/wp\/v2\/media\/670"}],"wp:attachment":[{"href":"https:\/\/comerint.cl\/en\/wp-json\/wp\/v2\/media?parent=219"}],"curies":[{"name":"wp","href":"https:\/\/api.w.org\/{rel}","templated":true}]}}